{"id":132,"date":"2020-12-22T20:26:43","date_gmt":"2020-12-22T23:26:43","guid":{"rendered":"http:\/\/54.207.163.35\/?page_id=132"},"modified":"2022-02-01T16:39:02","modified_gmt":"2022-02-01T19:39:02","slug":"solucoes-ra-cloud","status":"publish","type":"page","link":"http:\/\/www.racloudsolution.com\/index.php\/solucoes-ra-cloud\/","title":{"rendered":"Nossas Solu\u00e7\u00f5es"},"content":{"rendered":"\n\t\t<!-- MasterSlider -->\n\t\t<div id=\"P_MS69d17426774a8\" class=\"master-slider-parent msl ms-parent-id-3\" style=\"max-width:800px;\">\n\n\t\t\t\n\t\t\t<!-- MasterSlider Main -->\n\t\t\t<div id=\"MS69d17426774a8\" class=\"master-slider ms-skin-default\" >\n\t\t\t\t \t\t\t\t \n\t\t\t\t<div  class=\"ms-slide\" data-delay=\"3\" data-fill-mode=\"stretch\"  >\n\t\t\t\t\t<img decoding=\"async\" src=\"http:\/\/www.racloudsolution.com\/wp-content\/plugins\/master-slider\/public\/assets\/css\/blank.gif\" alt=\"\" title=\"\" data-src=\"http:\/\/www.racloudsolution.com\/wp-content\/uploads\/2021\/06\/sldSolucoesHibrido001.png\" \/>\n\n\t\t\t\t\t<div class=\"ms-info\"><h2 style=\"text-align: center;\">Solu\u00e7\u00f5es H\u00edbridas<\/h2><\/div>\n\n\n\t<div class=\"ms-thumb\" ><div class=\"ms-tab-context\"><div class=\"&quot;ms-tab-context&quot;\"><\/div><\/div>\n<\/div>\n\t\t\t\t<\/div>\n\t\t\t\t<div  class=\"ms-slide\" data-delay=\"3\" data-fill-mode=\"stretch\"  >\n\t\t\t\t\t<img decoding=\"async\" src=\"http:\/\/www.racloudsolution.com\/wp-content\/plugins\/master-slider\/public\/assets\/css\/blank.gif\" alt=\"\" title=\"\" data-src=\"http:\/\/www.racloudsolution.com\/wp-content\/uploads\/2021\/06\/sldSolucoesContingencia001.png\" \/>\n\n\t\t\t\t\t<div class=\"ms-info\"><h2 style=\"text-align: center;\">Conting\u00eancia em Nuvem<\/h2><\/div>\n\n\n\t<div class=\"ms-thumb\" ><div class=\"ms-tab-context\"><div class=\"&quot;ms-tab-context&quot;\"><\/div><\/div>\n<\/div>\n\t\t\t\t<\/div>\n\t\t\t\t<div  class=\"ms-slide\" data-delay=\"3\" data-fill-mode=\"fill\"  >\n\t\t\t\t\t<img decoding=\"async\" src=\"http:\/\/www.racloudsolution.com\/wp-content\/plugins\/master-slider\/public\/assets\/css\/blank.gif\" alt=\"\" title=\"\" data-src=\"http:\/\/www.racloudsolution.com\/wp-content\/uploads\/2021\/06\/sldSolucoesMigracao001.png\" \/>\n\n\t\t\t\t\t<div class=\"ms-info\"><h2 style=\"text-align: center;\">Migra\u00e7\u00e3o de data center para Nuvem<\/h2><\/div>\n\n\n\t<div class=\"ms-thumb\" ><div class=\"ms-tab-context\"><div class=\"&quot;ms-tab-context&quot;\"><\/div><\/div>\n<\/div>\n\t\t\t\t<\/div>\n\t\t\t\t<div  class=\"ms-slide\" data-delay=\"3\" data-fill-mode=\"fill\"  >\n\t\t\t\t\t<img decoding=\"async\" src=\"http:\/\/www.racloudsolution.com\/wp-content\/plugins\/master-slider\/public\/assets\/css\/blank.gif\" alt=\"\" title=\"\" data-src=\"http:\/\/www.racloudsolution.com\/wp-content\/uploads\/2021\/06\/sldSolucoesDR001.png\" \/>\n\n\t\t\t\t\t<div class=\"ms-info\"><h2 style=\"text-align: center;\">D\/R - Disaster Recovery<\/h2><\/div>\n\n\n\t<div class=\"ms-thumb\" ><div class=\"ms-tab-context\"><div class=\"&quot;ms-tab-context&quot;\"><\/div><\/div>\n<\/div>\n\t\t\t\t<\/div>\n\n\t\t\t<\/div>\n\t\t\t<!-- END MasterSlider Main -->\n\n\t\t\t \n\t\t<\/div>\n\t\t<!-- END MasterSlider -->\n\n\t\t<script>\n\t\t(function ( $ ) {\n\t\t\t\"use strict\";\n\n\t\t\t$(function () {\n\t\t\t\tvar masterslider_74a8 = new MasterSlider();\n\n\t\t\t\t\/\/ slider controls\n\t\t\t\tmasterslider_74a8.control('arrows'     ,{ autohide:false, overVideo:true  });\t\t\t\tmasterslider_74a8.control('bullets'    ,{ autohide:false, overVideo:true, dir:'h', align:'bottom' , margin:10  });\n\n\t\t\t\tmasterslider_74a8.control('slideinfo'  ,{ autohide:false, overVideo:true, dir:'h', align:'bottom',inset:false , margin:20   });\n\t\t\t\t\/\/ slider setup\n\t\t\t\tmasterslider_74a8.setup(\"MS69d17426774a8\", {\n\t\t\t\t\t\twidth           : 800,\n\t\t\t\t\t\theight          : 480,\n\t\t\t\t\t\tminHeight       : 0,\n\t\t\t\t\t\tspace           : 0,\n\t\t\t\t\t\tstart           : 1,\n\t\t\t\t\t\tgrabCursor      : true,\n\t\t\t\t\t\tswipe           : true,\n\t\t\t\t\t\tmouse           : true,\n\t\t\t\t\t\tlayout          : \"boxed\",\n\t\t\t\t\t\twheel           : false,\n\t\t\t\t\t\tautoplay        : false,\n\t\t\t\t\t\tinstantStartLayers:false,\n\t\t\t\t\t\tloop            : true,\n\t\t\t\t\t\tshuffle         : false,\n\t\t\t\t\t\tpreload         : 0,\n\t\t\t\t\t\theightLimit     : true,\n\t\t\t\t\t\tautoHeight      : false,\n\t\t\t\t\t\tsmoothHeight    : true,\n\t\t\t\t\t\tendPause        : false,\n\t\t\t\t\t\toverPause       : true,\n\t\t\t\t\t\tfillMode        : \"fill\",\n\t\t\t\t\t\tcenterControls  : true,\n\t\t\t\t\t\tstartOnAppear   : false,\n\t\t\t\t\t\tlayersMode      : \"center\",\n\t\t\t\t\t\thideLayers      : false,\n\t\t\t\t\t\tfullscreenMargin: 0,\n\t\t\t\t\t\tspeed           : 20,\n\t\t\t\t\t\tdir             : \"h\",\n\t\t\t\t\t\tparallaxMode    : 'swipe',\n\t\t\t\t\t\tview            : \"basic\"\n\t\t\t\t});\n\n\t\t\t\t\n\t\t\t\twindow.masterslider_instances = window.masterslider_instances || [];\n\t\t\t\twindow.masterslider_instances.push( masterslider_74a8 );\n\t\t\t });\n\n\t\t})(jQuery);\n\t\t<\/script>\n\n\n\n\n\n<p><\/p>\n\n\n\n<ul class=\"wp-block-list\"><li><span class=\"has-inline-color has-vivid-red-color\">Desde a defini\u00e7\u00e3o do roteiro at\u00e9 os servi\u00e7os gerenciados, conte com nosso pessoal para apoia-lo no processo de melhoria e migra\u00e7\u00e3o para os recursos em nuvem.<\/span><\/li><\/ul>\n\n\n\n<ul class=\"wp-block-list\"><li>Solu\u00e7\u00f5es H\u00edbridas<\/li><\/ul>\n\n\n\n<p>Utilize solu\u00e7\u00f5es h\u00edbridas para alinhar seus pr\u00f3prios recursos e equipamentos&nbsp; com os disponibilizados em nuvem. Explore a alta tecnologia e disponibilidade dos recursos em nuvem otimizando custos, reduzindo investimentos e mantendo internamente os servi\u00e7os menos essenciais e que demandam menos desempenho e menor disponibilidade.<\/p>\n\n\n\n<ul class=\"wp-block-list\"><li>Conting\u00eancia em nuvem<\/li><\/ul>\n\n\n\n<p>Mantenha uma c\u00f3pia fiel e atualizada de seus dados e sistemas na nuvem. Com as solu\u00e7\u00f5es da RA Cloud \u00e9 poss\u00edvel reduzir os riscos internos com perdas de dados, indisponibilidade de sistemas, sequestros de dados e diversas pragas digitais.<\/p>\n\n\n\n<ul class=\"wp-block-list\"><li>Migra\u00e7\u00e3o de datacenter para nuvem<\/li><\/ul>\n\n\n\n<p>Oferecemos toda assessoria necess\u00e1ria e fazemos toda a migra\u00e7\u00e3o de seu ambiente local (on premise) para a nuvem.<\/p>\n\n\n\n<ul class=\"wp-block-list\"><li>D\/R \u2013 Disaster Recovery<\/li><\/ul>\n\n\n\n<p>Utilize o ambiente de conting\u00eancia em caso de \u201cDisaster \/ Recovery\u201d, aumentado a seguran\u00e7a e oferecendo mais recursos computacionais enquanto necess\u00e1rio \u00e0 sua opera\u00e7\u00e3o e, pagando somente pelo per\u00edodo de utiliza\u00e7\u00e3o.<\/p>\n","protected":false},"excerpt":{"rendered":"<p>Desde a defini\u00e7\u00e3o do roteiro at\u00e9 os servi\u00e7os gerenciados, conte com nosso pessoal para apoia-lo no processo de melhoria e migra\u00e7\u00e3o para os recursos em nuvem. Solu\u00e7\u00f5es H\u00edbridas Utilize solu\u00e7\u00f5es &#8230;<\/p>\n","protected":false},"author":1,"featured_media":0,"parent":0,"menu_order":0,"comment_status":"closed","ping_status":"closed","template":"","meta":{"footnotes":""},"class_list":["post-132","page","type-page","status-publish","hentry"],"_links":{"self":[{"href":"http:\/\/www.racloudsolution.com\/index.php\/wp-json\/wp\/v2\/pages\/132","targetHints":{"allow":["GET"]}}],"collection":[{"href":"http:\/\/www.racloudsolution.com\/index.php\/wp-json\/wp\/v2\/pages"}],"about":[{"href":"http:\/\/www.racloudsolution.com\/index.php\/wp-json\/wp\/v2\/types\/page"}],"author":[{"embeddable":true,"href":"http:\/\/www.racloudsolution.com\/index.php\/wp-json\/wp\/v2\/users\/1"}],"replies":[{"embeddable":true,"href":"http:\/\/www.racloudsolution.com\/index.php\/wp-json\/wp\/v2\/comments?post=132"}],"version-history":[{"count":7,"href":"http:\/\/www.racloudsolution.com\/index.php\/wp-json\/wp\/v2\/pages\/132\/revisions"}],"predecessor-version":[{"id":454,"href":"http:\/\/www.racloudsolution.com\/index.php\/wp-json\/wp\/v2\/pages\/132\/revisions\/454"}],"wp:attachment":[{"href":"http:\/\/www.racloudsolution.com\/index.php\/wp-json\/wp\/v2\/media?parent=132"}],"curies":[{"name":"wp","href":"https:\/\/api.w.org\/{rel}","templated":true}]}}