{"id":411,"date":"2021-02-10T16:38:27","date_gmt":"2021-02-10T19:38:27","guid":{"rendered":"http:\/\/54.207.163.35\/?page_id=411"},"modified":"2022-02-01T16:42:29","modified_gmt":"2022-02-01T19:42:29","slug":"seguranca-e-confiabilidade","status":"publish","type":"page","link":"http:\/\/www.racloudsolution.com\/index.php\/seguranca-e-confiabilidade\/","title":{"rendered":"Seguran\u00e7a e Confiabilidade"},"content":{"rendered":"\n<h2 class=\"wp-block-heading\">A efici\u00eancia da seguran\u00e7a na nuvem<\/h2>\n\n\n\n<p>O mundo corporativo lida com diversos dados e informa\u00e7\u00f5es de car\u00e1ter confidencial. \u00c9 por esse motivo que a&nbsp;<a href=\"https:\/\/blog.leucotron.com.br\/seguranca-de-dados-saiba-como-manter-as-informacoes-da-sua-empresa-seguras\/?utm_source=blog&amp;utm_campaign=rc_blogpost\" target=\"_blank\" rel=\"noreferrer noopener\">seguran\u00e7a<\/a>&nbsp;se tornou um item de extrema relev\u00e2ncia. Com a computa\u00e7\u00e3o em nuvem, muitas d\u00favidas vieram \u00e0 tona. Poder acessar os dados de qualquer dispositivo com acesso \u00e0 internet e a qualquer hora constitui hoje uma grande vantagem competitiva.<\/p>\n\n\n\n<p>Quer saber o porqu\u00ea? Confira a seguir 7 fatos que comprovam a efici\u00eancia da computa\u00e7\u00e3o em nuvem!<\/p>\n\n\n\n<h3 class=\"wp-block-heading\">1. Maior disponibilidade<\/h3>\n\n\n\n<p>O armazenamento em nuvem \u00e9 bastante seguro e possibilita que os dados sejam acessados por um per\u00edodo de tempo mais longo \u2014 na realidade, indeterminado. Voc\u00ea armazena os arquivos que precisa e pode apag\u00e1-los, edit\u00e1-los ou mant\u00ea-los salvos pelo prazo que quiser, de acordo com a sua necessidade.<\/p>\n\n\n\n<p>Isso garante maior disponibilidade e total liberdade para fazer o que desejar com os seus documentos. \u00c9 poss\u00edvel, inclusive, migrar para outro fornecedor sem precisar fazer opera\u00e7\u00f5es manuais. Basta transferir os arquivos por meio da portabilidade.<\/p>\n\n\n\n<h3 class=\"wp-block-heading\">2. Controle ao acesso de informa\u00e7\u00f5es<\/h3>\n\n\n\n<p>Uma das principais d\u00favidas relacionadas \u00e0 seguran\u00e7a da computa\u00e7\u00e3o em nuvem \u00e9 o controle ao acesso de informa\u00e7\u00f5es. \u00c9 assegurado por meio de senhas e n\u00edveis de import\u00e2ncia.<\/p>\n\n\n\n<p>Isso significa que, para acessar a conta da sua empresa, \u00e9 preciso digitar login e senha. Os documentos armazenados podem ter n\u00edveis de import\u00e2ncia definidos por voc\u00ea ou pelos gestores da sua empresa, o que evita que um colaborador n\u00e3o autorizado possa visualizar os arquivos.<\/p>\n\n\n\n<p>Ainda \u00e9 poss\u00edvel personalizar as permiss\u00f5es conforme o perfil do usu\u00e1rio e fazer um controle das revis\u00f5es aplicadas nos arquivos. Ou seja, se algu\u00e9m modificar algum item, voc\u00ea ter\u00e1 a possibilidade de verific\u00e1-lo.<\/p>\n\n\n\n<p>O resultado desse controle \u00e9 uma experi\u00eancia mais segura, com aumento da&nbsp;<a href=\"https:\/\/blog.leucotron.com.br\/conheca-as-melhores-praticas-para-melhorar-produtividade-da-sua-equipe\/?utm_source=blog&amp;utm_campaign=rc_blogpost\" target=\"_blank\" rel=\"noreferrer noopener\">produtividade<\/a>&nbsp;das atividades do neg\u00f3cio. Outros benef\u00edcios s\u00e3o agilidade e autonomia.<\/p>\n\n\n\n<h3 class=\"wp-block-heading\">3. Uso de criptografia para acessar os sistemas<\/h3>\n\n\n\n<p>As informa\u00e7\u00f5es armazenadas em um sistema de Cloud Computing s\u00e3o criptografadas. Esse \u00e9 outro ponto vantajoso, j\u00e1 que aumenta a seguran\u00e7a dos dados.<\/p>\n\n\n\n<p>A criptografia \u00e9 um m\u00e9todo que, por meio de algoritmos complexos, impede a visualiza\u00e7\u00e3o das informa\u00e7\u00f5es para um invasor. Ele s\u00f3 conseguir\u00e1 acessar os dados se tiver uma chave de acesso.<\/p>\n\n\n\n<p>Al\u00e9m disso, os sistemas usam m\u00e9todos de prote\u00e7\u00e3o avan\u00e7ados e que s\u00e3o atualizados automaticamente. Essa caracter\u00edstica evita poss\u00edveis amea\u00e7as e impede a perda dos arquivos.<\/p>\n\n\n\n<h3 class=\"wp-block-heading\">4. Compliance com a regulamenta\u00e7\u00e3o<\/h3>\n\n\n\n<p>O compliance \u00e9 o m\u00e9todo que prev\u00ea agir de acordo com uma instru\u00e7\u00e3o interna ou com uma regra. Em outras palavras, \u00e9 agir de acordo com as melhores pr\u00e1ticas ou conforme a legisla\u00e7\u00e3o.<\/p>\n\n\n\n<p>Ao adotar a computa\u00e7\u00e3o em nuvem, voc\u00ea garante que ter\u00e1 total autonomia para administrar a sua conta. As empresas fornecedoras do servi\u00e7o cumprem sua parte e asseguram a seguran\u00e7a dos dados.<\/p>\n\n\n\n<p>Cabe a voc\u00ea cuidar da integridade e confidencialidade dos arquivos ao definir login, senha, n\u00edveis de import\u00e2ncia etc.<\/p>\n\n\n\n<h3 class=\"wp-block-heading\">5. Otimiza\u00e7\u00e3o de equipamentos<\/h3>\n\n\n\n<p>Algumas empresas sofrem grande varia\u00e7\u00e3o de demanda com o passar do tempo. H\u00e1 \u00e9pocas em que \u00e9 preciso ter um equipamento mais potente, que produza mais em menos tempo. Mas nem sempre esse&nbsp;<a href=\"https:\/\/blog.leucotron.com.br\/cocalculo-de-retorno-do-investimento\/\" target=\"_blank\" rel=\"noreferrer noopener\">investimento<\/a>&nbsp;\u00e9 justific\u00e1vel. Em per\u00edodos de menor demanda as m\u00e1quinas com capacidade inferior s\u00e3o suficientes.<\/p>\n\n\n\n<p>Ao optar por sistemas de Cloud Computing, voc\u00ea ter\u00e1 a solu\u00e7\u00e3o ideal para o seu neg\u00f3cio, porque poder\u00e1 fazer os processos de downgrade e upgrade automaticamente e com seguran\u00e7a. Em resumo, voc\u00ea conseguir\u00e1 adaptar a capacidade de acordo com suas necessidades, sem deixar de lado a seguran\u00e7a.<\/p>\n\n\n\n<h3 class=\"wp-block-heading\">6. Especifica\u00e7\u00e3o da seguran\u00e7a em contrato<\/h3>\n\n\n\n<p>A monitora\u00e7\u00e3o de qualidade do servi\u00e7o (QoS) \u00e9 um Service Level Agreement (SLA) estabelecido entre fornecedores e clientes. Ele especifica as regras de privacidade e seguran\u00e7a exigidas, inclusive as jur\u00eddicas, dos contratos a respeito dos servi\u00e7os.<\/p>\n\n\n\n<p>Tamb\u00e9m h\u00e1 orienta\u00e7\u00f5es de seguran\u00e7a, que especificam as restri\u00e7\u00f5es legais e pol\u00edticas a respeito da privacidade que podem ser aplicadas ao ambiente do Cloud Computing.<\/p>\n\n\n\n<h3 class=\"wp-block-heading\">7. Armazenamento do arquivo em diferentes servidores<\/h3>\n\n\n\n<p>Os documentos armazenados na nuvem s\u00e3o gravados em um data center. Esse espa\u00e7o \u00e9 composto por diferentes servidores. Os arquivos s\u00e3o separados por partes, e cada uma delas fica salva em um diret\u00f3rio e\/ou servidor diferente.<\/p>\n\n\n\n<p>Isso significa que, em caso de invas\u00e3o ou qualquer outro imprevisto, apenas uma parte do documento ser\u00e1 afetada. Mesmo assim, ser\u00e1 imposs\u00edvel l\u00ea-la devido \u00e0 criptografia.<\/p>\n\n\n\n<p>Por sua vez, \u00e9 poss\u00edvel recuperar o documento por inteiro, j\u00e1 que cada uma das partes \u00e9 guardada em mais de um diret\u00f3rio. Se um sofrer dano, o outro est\u00e1 inteiro e pode disponibilizar o que for necess\u00e1rio.<\/p>\n\n\n\n<p>Esse \u00e9 um dos pontos que mais comprova a seguran\u00e7a da computa\u00e7\u00e3o em nuvem, j\u00e1 que o usu\u00e1rio n\u00e3o sofre perdas nem acessa o documento por partes. Por\u00e9m, ele tem a certeza de que seu documento n\u00e3o ser\u00e1 acessado por nenhum estranho.<\/p>\n","protected":false},"excerpt":{"rendered":"<p>A efici\u00eancia da seguran\u00e7a na nuvem O mundo corporativo lida com diversos dados e informa\u00e7\u00f5es de car\u00e1ter confidencial. \u00c9 por esse motivo que a&nbsp;seguran\u00e7a&nbsp;se tornou um item de extrema relev\u00e2ncia. &#8230;<\/p>\n","protected":false},"author":1,"featured_media":0,"parent":0,"menu_order":0,"comment_status":"closed","ping_status":"closed","template":"","meta":{"footnotes":""},"class_list":["post-411","page","type-page","status-publish","hentry"],"_links":{"self":[{"href":"http:\/\/www.racloudsolution.com\/index.php\/wp-json\/wp\/v2\/pages\/411","targetHints":{"allow":["GET"]}}],"collection":[{"href":"http:\/\/www.racloudsolution.com\/index.php\/wp-json\/wp\/v2\/pages"}],"about":[{"href":"http:\/\/www.racloudsolution.com\/index.php\/wp-json\/wp\/v2\/types\/page"}],"author":[{"embeddable":true,"href":"http:\/\/www.racloudsolution.com\/index.php\/wp-json\/wp\/v2\/users\/1"}],"replies":[{"embeddable":true,"href":"http:\/\/www.racloudsolution.com\/index.php\/wp-json\/wp\/v2\/comments?post=411"}],"version-history":[{"count":2,"href":"http:\/\/www.racloudsolution.com\/index.php\/wp-json\/wp\/v2\/pages\/411\/revisions"}],"predecessor-version":[{"id":455,"href":"http:\/\/www.racloudsolution.com\/index.php\/wp-json\/wp\/v2\/pages\/411\/revisions\/455"}],"wp:attachment":[{"href":"http:\/\/www.racloudsolution.com\/index.php\/wp-json\/wp\/v2\/media?parent=411"}],"curies":[{"name":"wp","href":"https:\/\/api.w.org\/{rel}","templated":true}]}}