{"id":60,"date":"2020-11-20T23:49:43","date_gmt":"2020-11-21T02:49:43","guid":{"rendered":"http:\/\/54.207.163.35\/?page_id=60"},"modified":"2022-02-01T16:37:20","modified_gmt":"2022-02-01T19:37:20","slug":"as-vantagens","status":"publish","type":"page","link":"http:\/\/www.racloudsolution.com\/index.php\/as-vantagens\/","title":{"rendered":"Vantagens"},"content":{"rendered":"\n<ul class=\"wp-block-list\"><li>Facilita de forma imediata o trabalho dos usu\u00e1rios e gestores de TI. N\u00e3o \u00e9 \u00e0 toa que essa tecnologia passou de uma tend\u00eancia para uma realidade concreta em poucos anos, sendo utilizada no mercado em todos os segmentos;<\/li><\/ul>\n\n\n\n<ul class=\"wp-block-list\"><li>Extrema agilidade nas mudan\u00e7as tecnol\u00f3gicas e alta praticidade na atualiza\u00e7\u00e3o de servidores e esta\u00e7\u00f5es. As configura\u00e7\u00f5es de desempenho e de sistema s\u00e3o r\u00e1pidas e de forma remota. Al\u00e9m disso o cliente fica liberado de preocupa\u00e7\u00f5es com a atualiza\u00e7\u00f5es tecnol\u00f3gicas de hardware e de software, pois o prestador de servi\u00e7o se encarrega de prover o melhor e mais confi\u00e1vel ambiente tecnol\u00f3gico;<\/li><\/ul>\n\n\n\n<ul class=\"has-vivid-red-color has-text-color wp-block-list\"><li>Velocidade, redu\u00e7\u00e3o de investimentos e inova\u00e7\u00e3o torna real a migra\u00e7\u00e3o e utiliza\u00e7\u00e3o dos recursos em nuvem. Nossa abordagem \u00e9 focada na solu\u00e7\u00e3o e prioriza as necessidades da sua empresa;<\/li><\/ul>\n\n\n\n<ul class=\"has-vivid-red-color has-text-color wp-block-list\"><li>Fa\u00e7a seu projeto conosco e descubra novas e melhores formas de aproveitar todos o potencial de cloud computing;<\/li><\/ul>\n\n\n\n<ul class=\"wp-block-list\"><li>Escalabilidade no uso dos servi\u00e7os onde as configura\u00e7\u00f5es de hardware s\u00e3o aumentadas e diminu\u00eddas \u00e0 medida em que o cliente necessita, al\u00e9m de pagar exatamente pelo que utiliza;<\/li><\/ul>\n\n\n\n<ul class=\"wp-block-list\"><li>N\u00e3o \u00e9 incomum que um servidor de uma empresa tenha sua capacidade m\u00e1xima atingida conforme o crescimento do neg\u00f3cio. Quando isso acontece, a \u00e1rea de TI precisa convencer a diretoria da necessidade de novos investimentos com hardware e software e, enquanto a nova instala\u00e7\u00e3o n\u00e3o acontece, os usu\u00e1rios sofrem com sistemas lentos e falhos;<\/li><\/ul>\n\n\n\n<ul class=\"wp-block-list\"><li>Redu\u00e7\u00e3o de custos com infraestrutura interna;<\/li><\/ul>\n\n\n\n<ul class=\"wp-block-list\"><li>Com o uso da computa\u00e7\u00e3o em nuvem, equipamentos como grandes servidores, storages de armazenamento, no-breaks e outros equipamentos de rede que s\u00e3o respons\u00e1veis pelos acessos e pela seguran\u00e7a tornam-se dispens\u00e1veis, j\u00e1 que tudo isso j\u00e1 est\u00e1 implementado na nuvem e com muito mais recursos, desempenho e seguran\u00e7a;<\/li><\/ul>\n\n\n\n<ul class=\"wp-block-list\"><li>Disponibilidade e alta seguran\u00e7a em todos os momentos, especialmente nos cr\u00edticos. A chance de indisponibilidade nos servi\u00e7os e falhas nos recursos em nuvem \u00e9 quase nula;<\/li><\/ul>\n\n\n\n<ul class=\"wp-block-list\"><li>Com tantas possibilidades de agregar valor ao neg\u00f3cio, a computa\u00e7\u00e3o em nuvem faz com que as preocupa\u00e7\u00f5es com infraestrutura de hardware e de software deixem de existir e com isso disponibiliza o tempo dos profissionais de TI para o suporte aos usu\u00e1rios com maior efetividade;<\/li><\/ul>\n\n\n\n<ul class=\"wp-block-list\"><li>Computa\u00e7\u00e3o em nuvem para empresas gera sustentabilidade atrav\u00e9s da centraliza\u00e7\u00e3o das necessidades dos grandes servidores, utilizando-se das melhores tecnologias dispon\u00edveis no mercado que otimizam o consumo de recursos como energia el\u00e9trica e minimizam o impacto no planeta com descarte de hardware;<\/li><\/ul>\n\n\n\n<ul class=\"wp-block-list\"><li>Traz benef\u00edcios fiscais e redu\u00e7\u00e3o de impostos a partir da contrata\u00e7\u00e3o de servi\u00e7os ao contr\u00e1rio de aumentar \u201cAtivo\u201d da empresa com investimentos pesados;<\/li><\/ul>\n\n\n\n<ul class=\"wp-block-list\"><li><p>Para implementa\u00e7\u00e3o de uma TI mais segura e estrat\u00e9gica, conclui-se que esta \u00e9 a hora de migrar para <em>Cloud Computing<\/em>.<\/p><\/li><\/ul>\n","protected":false},"excerpt":{"rendered":"<p>Facilita de forma imediata o trabalho dos usu\u00e1rios e gestores de TI. N\u00e3o \u00e9 \u00e0 toa que essa tecnologia passou de uma tend\u00eancia para uma realidade concreta em poucos anos, &#8230;<\/p>\n","protected":false},"author":1,"featured_media":0,"parent":0,"menu_order":0,"comment_status":"closed","ping_status":"closed","template":"","meta":{"footnotes":""},"class_list":["post-60","page","type-page","status-publish","hentry"],"_links":{"self":[{"href":"http:\/\/www.racloudsolution.com\/index.php\/wp-json\/wp\/v2\/pages\/60","targetHints":{"allow":["GET"]}}],"collection":[{"href":"http:\/\/www.racloudsolution.com\/index.php\/wp-json\/wp\/v2\/pages"}],"about":[{"href":"http:\/\/www.racloudsolution.com\/index.php\/wp-json\/wp\/v2\/types\/page"}],"author":[{"embeddable":true,"href":"http:\/\/www.racloudsolution.com\/index.php\/wp-json\/wp\/v2\/users\/1"}],"replies":[{"embeddable":true,"href":"http:\/\/www.racloudsolution.com\/index.php\/wp-json\/wp\/v2\/comments?post=60"}],"version-history":[{"count":17,"href":"http:\/\/www.racloudsolution.com\/index.php\/wp-json\/wp\/v2\/pages\/60\/revisions"}],"predecessor-version":[{"id":451,"href":"http:\/\/www.racloudsolution.com\/index.php\/wp-json\/wp\/v2\/pages\/60\/revisions\/451"}],"wp:attachment":[{"href":"http:\/\/www.racloudsolution.com\/index.php\/wp-json\/wp\/v2\/media?parent=60"}],"curies":[{"name":"wp","href":"https:\/\/api.w.org\/{rel}","templated":true}]}}